{"id":730,"date":"2018-11-14T10:18:46","date_gmt":"2018-11-14T10:18:46","guid":{"rendered":"https:\/\/themes.getmotopress.com\/palmeria\/?page_id=175"},"modified":"2021-07-21T08:36:33","modified_gmt":"2021-07-21T08:36:33","slug":"preise-konditionen","status":"publish","type":"page","link":"https:\/\/marusa.ch\/index.php\/preise-konditionen\/","title":{"rendered":"Preise &#038; Konditionen"},"content":{"rendered":"\n<h2 class=\"wp-block-heading\">Preise<\/h2>\n\n\n\n<p>Aufenthalt von Samstag bis Samstag: 950 CHF. K\u00fcrzere Aufenthalte auf Anfrage. Endreinigung: 150 CHF. Bettw\u00e4sche: 30 CHF pro Person.<\/p>\n\n\n\n<h2 class=\"wp-block-heading\">Verf\u00fcgbarkeit &#038; Reservieren<\/h2>\n\n\n\n<p>Der Kalender zeigt die Verf\u00fcgbarkeiten. Bitte Reservationen anfragen mit der Angabe der Ankunfts- und Abreisedaten sowie Anzahl von Erwachsenen und Kindern: <a rel=\"noreferrer noopener\" href=\"mailto:chalet.marusa@gmail.com\" target=\"_blank\">chalet.marusa@gmail.com<\/a><\/p>\n\n\n\n<h2 class=\"wp-block-heading\">Buchen &#038; Bezahlen<\/h2>\n\n\n\n<p>Best\u00e4tigte Reservationen m\u00fcssen innert 7 Tagen bezahlt werden, damit sie als definitive Buchung gelten.<\/p>\n\n\n\n<h2 class=\"wp-block-heading\">Stornieren<\/h2>\n\n\n\n<p>Definitive Buchungen k\u00f6nnen bis zu 30 Tage vor Beginn des Aufenthalts kostenlos storniert werden. <\/p>\n\n\n\n<h2 class=\"wp-block-heading\">Check-in &#038; Check-out<\/h2>\n\n\n\n<p>Check-in am Ankunftstag: Ab 15 Uhr. Check-out am Abreisetag: bis 11 Uhr. <\/p>\n\n\n\n<h2 class=\"wp-block-heading\">Hausregeln<\/h2>\n\n\n\n<p>Die Hausregeln stehen in einer Mappe im Chalet Marusa und sind f\u00fcr die G\u00e4ste verbindlich.<\/p>\n","protected":false},"excerpt":{"rendered":"<p>Preise Aufenthalt von Samstag bis Samstag: 950 CHF. K\u00fcrzere Aufenthalte auf Anfrage. Endreinigung: 150 CHF. Bettw\u00e4sche: 30 CHF pro Person. Verf\u00fcgbarkeit &#038; Reservieren Der Kalender zeigt die Verf\u00fcgbarkeiten. Bitte Reservationen anfragen mit der Angabe der Ankunfts- und Abreisedaten sowie Anzahl von Erwachsenen und Kindern: chalet.marusa@gmail.com Buchen &#038; Bezahlen Best\u00e4tigte Reservationen m\u00fcssen innert 7 Tagen bezahlt [&hellip;]<\/p>\n","protected":false},"author":1,"featured_media":1001,"parent":0,"menu_order":0,"comment_status":"closed","ping_status":"closed","template":"","meta":{"inline_featured_image":false,"footnotes":""},"class_list":["post-730","page","type-page","status-publish","has-post-thumbnail","hentry"],"_links":{"self":[{"href":"https:\/\/marusa.ch\/index.php\/wp-json\/wp\/v2\/pages\/730","targetHints":{"allow":["GET"]}}],"collection":[{"href":"https:\/\/marusa.ch\/index.php\/wp-json\/wp\/v2\/pages"}],"about":[{"href":"https:\/\/marusa.ch\/index.php\/wp-json\/wp\/v2\/types\/page"}],"author":[{"embeddable":true,"href":"https:\/\/marusa.ch\/index.php\/wp-json\/wp\/v2\/users\/1"}],"replies":[{"embeddable":true,"href":"https:\/\/marusa.ch\/index.php\/wp-json\/wp\/v2\/comments?post=730"}],"version-history":[{"count":8,"href":"https:\/\/marusa.ch\/index.php\/wp-json\/wp\/v2\/pages\/730\/revisions"}],"predecessor-version":[{"id":1043,"href":"https:\/\/marusa.ch\/index.php\/wp-json\/wp\/v2\/pages\/730\/revisions\/1043"}],"wp:featuredmedia":[{"embeddable":true,"href":"https:\/\/marusa.ch\/index.php\/wp-json\/wp\/v2\/media\/1001"}],"wp:attachment":[{"href":"https:\/\/marusa.ch\/index.php\/wp-json\/wp\/v2\/media?parent=730"}],"curies":[{"name":"wp","href":"https:\/\/api.w.org\/{rel}","templated":true}]}}