{"id":713,"date":"2018-11-13T13:28:34","date_gmt":"2018-11-13T13:28:34","guid":{"rendered":"https:\/\/themes.getmotopress.com\/palmeria\/?page_id=42"},"modified":"2021-04-10T19:26:38","modified_gmt":"2021-04-10T19:26:38","slug":"welcome-to-palmeria-hotel","status":"publish","type":"page","link":"https:\/\/marusa.ch\/","title":{"rendered":"Willkommen im Chalet Marusa"},"content":{"rendered":"\n<div class=\"wp-block-columns is-layout-flex wp-container-core-columns-is-layout-9d6595d7 wp-block-columns-is-layout-flex\">\n<div class=\"wp-block-column is-layout-flow wp-block-column-is-layout-flow\"><\/div>\n<\/div>\n\n\n\n<div class=\"wp-block-getwid-images-slider SliderFullWidth has-arrows-inside has-dots-none has-captions captions-style-dark captions-bottom-center has-images-center has-cropped-images has-fixed-height alignfull\"><div class=\"wp-block-getwid-images-slider__wrapper\" data-effect=\"slide\" data-slides-show=\"1\" data-slides-show-laptop=\"1\" data-slides-show-tablet=\"1\" data-slides-show-mobile=\"1\" data-slides-scroll=\"1\" data-autoplay=\"false\" data-autoplay-speed=\"6000\" data-infinite=\"false\" data-animation-speed=\"800\" data-center-mode=\"false\" data-variable-width=\"false\" data-arrows=\"inside\" data-dots=\"none\" data-spacing=\"none\"><div class=\"wp-block-getwid-images-slider__item getwid-reset-height-tablet getwid-reset-height-mobile\" style=\"height:650px\"><figure><img loading=\"lazy\" decoding=\"async\" width=\"1024\" height=\"683\" src=\"https:\/\/marusa.ch\/wp-content\/uploads\/2021\/04\/slider_2-1024x683.jpg\" data-id=\"1006\" data-link=\"https:\/\/marusa.ch\/index.php\/welcome-to-palmeria-hotel\/slider_2\/\" data-original-link=\"https:\/\/marusa.ch\/wp-content\/uploads\/2021\/04\/slider_2.jpg\" class=\"wp-block-getwid-images-slider__image wp-image-1006\" srcset=\"https:\/\/marusa.ch\/wp-content\/uploads\/2021\/04\/slider_2-1024x683.jpg 1024w, https:\/\/marusa.ch\/wp-content\/uploads\/2021\/04\/slider_2-300x200.jpg 300w, https:\/\/marusa.ch\/wp-content\/uploads\/2021\/04\/slider_2-768x513.jpg 768w, https:\/\/marusa.ch\/wp-content\/uploads\/2021\/04\/slider_2-1536x1025.jpg 1536w, https:\/\/marusa.ch\/wp-content\/uploads\/2021\/04\/slider_2-892x594.jpg 892w, https:\/\/marusa.ch\/wp-content\/uploads\/2021\/04\/slider_2-150x100.jpg 150w, https:\/\/marusa.ch\/wp-content\/uploads\/2021\/04\/slider_2.jpg 1990w\" sizes=\"auto, (max-width: 1024px) 100vw, 1024px\" \/><figcaption class=\"wp-block-getwid-images-slider__caption\">Der Esstisch mit fantastischer Bergsicht bietet Platz f\u00fcr 8 Personen.<\/figcaption><\/figure><\/div><div class=\"wp-block-getwid-images-slider__item getwid-reset-height-tablet getwid-reset-height-mobile\" style=\"height:650px\"><figure><img loading=\"lazy\" decoding=\"async\" width=\"1024\" height=\"683\" src=\"https:\/\/marusa.ch\/wp-content\/uploads\/2021\/04\/slider_3-1024x683.jpg\" data-id=\"1007\" data-link=\"https:\/\/marusa.ch\/index.php\/welcome-to-palmeria-hotel\/slider_3\/\" data-original-link=\"https:\/\/marusa.ch\/wp-content\/uploads\/2021\/04\/slider_3.jpg\" class=\"wp-block-getwid-images-slider__image wp-image-1007\" srcset=\"https:\/\/marusa.ch\/wp-content\/uploads\/2021\/04\/slider_3-1024x683.jpg 1024w, https:\/\/marusa.ch\/wp-content\/uploads\/2021\/04\/slider_3-300x200.jpg 300w, https:\/\/marusa.ch\/wp-content\/uploads\/2021\/04\/slider_3-768x513.jpg 768w, https:\/\/marusa.ch\/wp-content\/uploads\/2021\/04\/slider_3-1536x1025.jpg 1536w, https:\/\/marusa.ch\/wp-content\/uploads\/2021\/04\/slider_3-892x594.jpg 892w, https:\/\/marusa.ch\/wp-content\/uploads\/2021\/04\/slider_3-150x100.jpg 150w, https:\/\/marusa.ch\/wp-content\/uploads\/2021\/04\/slider_3.jpg 1990w\" sizes=\"auto, (max-width: 1024px) 100vw, 1024px\" \/><figcaption class=\"wp-block-getwid-images-slider__caption\">Das Wohnzimmer mit Chemin\u00e9e l\u00e4dt zum Verweilen ein.<\/figcaption><\/figure><\/div><div class=\"wp-block-getwid-images-slider__item getwid-reset-height-tablet getwid-reset-height-mobile\" style=\"height:650px\"><figure><img loading=\"lazy\" decoding=\"async\" width=\"1024\" height=\"683\" src=\"https:\/\/marusa.ch\/wp-content\/uploads\/2021\/04\/slider_4-1024x683.jpg\" data-id=\"1008\" data-link=\"https:\/\/marusa.ch\/index.php\/welcome-to-palmeria-hotel\/slider_4\/\" data-original-link=\"https:\/\/marusa.ch\/wp-content\/uploads\/2021\/04\/slider_4.jpg\" class=\"wp-block-getwid-images-slider__image wp-image-1008\" srcset=\"https:\/\/marusa.ch\/wp-content\/uploads\/2021\/04\/slider_4-1024x683.jpg 1024w, https:\/\/marusa.ch\/wp-content\/uploads\/2021\/04\/slider_4-300x200.jpg 300w, https:\/\/marusa.ch\/wp-content\/uploads\/2021\/04\/slider_4-768x513.jpg 768w, https:\/\/marusa.ch\/wp-content\/uploads\/2021\/04\/slider_4-1536x1025.jpg 1536w, https:\/\/marusa.ch\/wp-content\/uploads\/2021\/04\/slider_4-892x594.jpg 892w, https:\/\/marusa.ch\/wp-content\/uploads\/2021\/04\/slider_4-150x100.jpg 150w, https:\/\/marusa.ch\/wp-content\/uploads\/2021\/04\/slider_4.jpg 1990w\" sizes=\"auto, (max-width: 1024px) 100vw, 1024px\" \/><figcaption class=\"wp-block-getwid-images-slider__caption\">Die offene K\u00fcche f\u00fchrt direkt zum Esstisch im Wohnzimmer.<\/figcaption><\/figure><\/div><div class=\"wp-block-getwid-images-slider__item getwid-reset-height-tablet getwid-reset-height-mobile\" style=\"height:650px\"><figure><img loading=\"lazy\" decoding=\"async\" width=\"1024\" height=\"683\" src=\"https:\/\/marusa.ch\/wp-content\/uploads\/2021\/04\/slider_6-1024x683.jpg\" data-id=\"1010\" data-link=\"https:\/\/marusa.ch\/index.php\/welcome-to-palmeria-hotel\/slider_6\/\" data-original-link=\"https:\/\/marusa.ch\/wp-content\/uploads\/2021\/04\/slider_6.jpg\" class=\"wp-block-getwid-images-slider__image wp-image-1010\" srcset=\"https:\/\/marusa.ch\/wp-content\/uploads\/2021\/04\/slider_6-1024x683.jpg 1024w, https:\/\/marusa.ch\/wp-content\/uploads\/2021\/04\/slider_6-300x200.jpg 300w, https:\/\/marusa.ch\/wp-content\/uploads\/2021\/04\/slider_6-768x513.jpg 768w, https:\/\/marusa.ch\/wp-content\/uploads\/2021\/04\/slider_6-1536x1025.jpg 1536w, https:\/\/marusa.ch\/wp-content\/uploads\/2021\/04\/slider_6-892x594.jpg 892w, https:\/\/marusa.ch\/wp-content\/uploads\/2021\/04\/slider_6-150x100.jpg 150w, https:\/\/marusa.ch\/wp-content\/uploads\/2021\/04\/slider_6.jpg 1990w\" sizes=\"auto, (max-width: 1024px) 100vw, 1024px\" \/><figcaption class=\"wp-block-getwid-images-slider__caption\">Die K\u00fcche ist mit Geschirrsp\u00fcler und modernem Backofen ausgestattet.<\/figcaption><\/figure><\/div><div class=\"wp-block-getwid-images-slider__item getwid-reset-height-tablet getwid-reset-height-mobile\" style=\"height:650px\"><figure><img loading=\"lazy\" decoding=\"async\" width=\"1024\" height=\"683\" src=\"https:\/\/marusa.ch\/wp-content\/uploads\/2021\/04\/slider_8-1024x683.jpg\" data-id=\"1012\" data-link=\"https:\/\/marusa.ch\/index.php\/welcome-to-palmeria-hotel\/slider_8\/\" data-original-link=\"https:\/\/marusa.ch\/wp-content\/uploads\/2021\/04\/slider_8.jpg\" class=\"wp-block-getwid-images-slider__image wp-image-1012\" srcset=\"https:\/\/marusa.ch\/wp-content\/uploads\/2021\/04\/slider_8-1024x683.jpg 1024w, https:\/\/marusa.ch\/wp-content\/uploads\/2021\/04\/slider_8-300x200.jpg 300w, https:\/\/marusa.ch\/wp-content\/uploads\/2021\/04\/slider_8-768x513.jpg 768w, https:\/\/marusa.ch\/wp-content\/uploads\/2021\/04\/slider_8-1536x1025.jpg 1536w, https:\/\/marusa.ch\/wp-content\/uploads\/2021\/04\/slider_8-892x594.jpg 892w, https:\/\/marusa.ch\/wp-content\/uploads\/2021\/04\/slider_8-150x100.jpg 150w, https:\/\/marusa.ch\/wp-content\/uploads\/2021\/04\/slider_8.jpg 1990w\" sizes=\"auto, (max-width: 1024px) 100vw, 1024px\" \/><figcaption class=\"wp-block-getwid-images-slider__caption\">Wohnzimmerbereich mit Sessel, Sofa und Satelliten-TV.<\/figcaption><\/figure><\/div><div class=\"wp-block-getwid-images-slider__item getwid-reset-height-tablet getwid-reset-height-mobile\" style=\"height:650px\"><figure><img loading=\"lazy\" decoding=\"async\" width=\"1024\" height=\"683\" src=\"https:\/\/marusa.ch\/wp-content\/uploads\/2021\/04\/slider_1-1024x683.jpg\" data-id=\"1005\" data-link=\"https:\/\/marusa.ch\/index.php\/welcome-to-palmeria-hotel\/slider_1\/\" data-original-link=\"https:\/\/marusa.ch\/wp-content\/uploads\/2021\/04\/slider_1.jpg\" class=\"wp-block-getwid-images-slider__image wp-image-1005\" srcset=\"https:\/\/marusa.ch\/wp-content\/uploads\/2021\/04\/slider_1-1024x683.jpg 1024w, https:\/\/marusa.ch\/wp-content\/uploads\/2021\/04\/slider_1-300x200.jpg 300w, https:\/\/marusa.ch\/wp-content\/uploads\/2021\/04\/slider_1-768x513.jpg 768w, https:\/\/marusa.ch\/wp-content\/uploads\/2021\/04\/slider_1-1536x1025.jpg 1536w, https:\/\/marusa.ch\/wp-content\/uploads\/2021\/04\/slider_1-892x594.jpg 892w, https:\/\/marusa.ch\/wp-content\/uploads\/2021\/04\/slider_1-150x100.jpg 150w, https:\/\/marusa.ch\/wp-content\/uploads\/2021\/04\/slider_1.jpg 1990w\" sizes=\"auto, (max-width: 1024px) 100vw, 1024px\" \/><figcaption class=\"wp-block-getwid-images-slider__caption\">Grosses Schlafzimmer mit Blick auf den Niesen.<\/figcaption><\/figure><\/div><div class=\"wp-block-getwid-images-slider__item getwid-reset-height-tablet getwid-reset-height-mobile\" style=\"height:650px\"><figure><img loading=\"lazy\" decoding=\"async\" width=\"768\" height=\"1024\" src=\"https:\/\/marusa.ch\/wp-content\/uploads\/2021\/02\/F07AC06A-680F-47C5-99EF-C1D5CC392B3A_1_105_c.jpeg\" data-id=\"127\" data-link=\"https:\/\/marusa.ch\/f07ac06a-680f-47c5-99ef-c1d5cc392b3a_1_105_c\/\" data-original-link=\"https:\/\/marusa.ch\/wp-content\/uploads\/2021\/02\/F07AC06A-680F-47C5-99EF-C1D5CC392B3A_1_105_c.jpeg\" class=\"wp-block-getwid-images-slider__image wp-image-127\" srcset=\"https:\/\/marusa.ch\/wp-content\/uploads\/2021\/02\/F07AC06A-680F-47C5-99EF-C1D5CC392B3A_1_105_c.jpeg 768w, https:\/\/marusa.ch\/wp-content\/uploads\/2021\/02\/F07AC06A-680F-47C5-99EF-C1D5CC392B3A_1_105_c-225x300.jpeg 225w\" sizes=\"auto, (max-width: 768px) 100vw, 768px\" \/><figcaption class=\"wp-block-getwid-images-slider__caption\">Im Kinderzimmer gibt es ein Kaj\u00fcten- und ein Kinderbett. <\/figcaption><\/figure><\/div><div class=\"wp-block-getwid-images-slider__item getwid-reset-height-tablet getwid-reset-height-mobile\" style=\"height:650px\"><figure><img loading=\"lazy\" decoding=\"async\" width=\"1024\" height=\"683\" src=\"https:\/\/marusa.ch\/wp-content\/uploads\/2021\/04\/slider_7-1024x683.jpg\" data-id=\"1011\" data-link=\"https:\/\/marusa.ch\/index.php\/welcome-to-palmeria-hotel\/slider_7\/\" data-original-link=\"https:\/\/marusa.ch\/wp-content\/uploads\/2021\/04\/slider_7.jpg\" class=\"wp-block-getwid-images-slider__image wp-image-1011\" srcset=\"https:\/\/marusa.ch\/wp-content\/uploads\/2021\/04\/slider_7-1024x683.jpg 1024w, https:\/\/marusa.ch\/wp-content\/uploads\/2021\/04\/slider_7-300x200.jpg 300w, https:\/\/marusa.ch\/wp-content\/uploads\/2021\/04\/slider_7-768x513.jpg 768w, https:\/\/marusa.ch\/wp-content\/uploads\/2021\/04\/slider_7-1536x1025.jpg 1536w, https:\/\/marusa.ch\/wp-content\/uploads\/2021\/04\/slider_7-892x594.jpg 892w, https:\/\/marusa.ch\/wp-content\/uploads\/2021\/04\/slider_7-150x100.jpg 150w, https:\/\/marusa.ch\/wp-content\/uploads\/2021\/04\/slider_7.jpg 1990w\" sizes=\"auto, (max-width: 1024px) 100vw, 1024px\" \/><figcaption class=\"wp-block-getwid-images-slider__caption\">G\u00e4steschlafzimmer mit Schreibtisch f\u00fcrs Alpen-Homeoffice.<\/figcaption><\/figure><\/div><div class=\"wp-block-getwid-images-slider__item getwid-reset-height-tablet getwid-reset-height-mobile\" style=\"height:650px\"><figure><img loading=\"lazy\" decoding=\"async\" width=\"1024\" height=\"683\" src=\"https:\/\/marusa.ch\/wp-content\/uploads\/2021\/04\/slider_5-1024x683.jpg\" data-id=\"1009\" data-link=\"https:\/\/marusa.ch\/index.php\/welcome-to-palmeria-hotel\/slider_5\/\" data-original-link=\"https:\/\/marusa.ch\/wp-content\/uploads\/2021\/04\/slider_5.jpg\" class=\"wp-block-getwid-images-slider__image wp-image-1009\" srcset=\"https:\/\/marusa.ch\/wp-content\/uploads\/2021\/04\/slider_5-1024x683.jpg 1024w, https:\/\/marusa.ch\/wp-content\/uploads\/2021\/04\/slider_5-300x200.jpg 300w, https:\/\/marusa.ch\/wp-content\/uploads\/2021\/04\/slider_5-768x513.jpg 768w, https:\/\/marusa.ch\/wp-content\/uploads\/2021\/04\/slider_5-1536x1025.jpg 1536w, https:\/\/marusa.ch\/wp-content\/uploads\/2021\/04\/slider_5-892x594.jpg 892w, https:\/\/marusa.ch\/wp-content\/uploads\/2021\/04\/slider_5-150x100.jpg 150w, https:\/\/marusa.ch\/wp-content\/uploads\/2021\/04\/slider_5.jpg 1990w\" sizes=\"auto, (max-width: 1024px) 100vw, 1024px\" \/><figcaption class=\"wp-block-getwid-images-slider__caption\">Badezimmer mit Badewanne.<\/figcaption><\/figure><\/div><div class=\"wp-block-getwid-images-slider__item getwid-reset-height-tablet getwid-reset-height-mobile\" style=\"height:650px\"><figure><img loading=\"lazy\" decoding=\"async\" width=\"1024\" height=\"768\" src=\"https:\/\/marusa.ch\/wp-content\/uploads\/2021\/02\/0FCDF41D-59CB-4D83-92EC-3C4F4EC209BC_1_105_c.jpeg\" data-id=\"150\" data-link=\"https:\/\/marusa.ch\/0fcdf41d-59cb-4d83-92ec-3c4f4ec209bc_1_105_c\/\" data-original-link=\"https:\/\/marusa.ch\/wp-content\/uploads\/2021\/02\/0FCDF41D-59CB-4D83-92EC-3C4F4EC209BC_1_105_c.jpeg\" class=\"wp-block-getwid-images-slider__image wp-image-150\" srcset=\"https:\/\/marusa.ch\/wp-content\/uploads\/2021\/02\/0FCDF41D-59CB-4D83-92EC-3C4F4EC209BC_1_105_c.jpeg 1024w, https:\/\/marusa.ch\/wp-content\/uploads\/2021\/02\/0FCDF41D-59CB-4D83-92EC-3C4F4EC209BC_1_105_c-300x225.jpeg 300w, https:\/\/marusa.ch\/wp-content\/uploads\/2021\/02\/0FCDF41D-59CB-4D83-92EC-3C4F4EC209BC_1_105_c-768x576.jpeg 768w, https:\/\/marusa.ch\/wp-content\/uploads\/2021\/02\/0FCDF41D-59CB-4D83-92EC-3C4F4EC209BC_1_105_c-400x300.jpeg 400w\" sizes=\"auto, (max-width: 1024px) 100vw, 1024px\" \/><figcaption class=\"wp-block-getwid-images-slider__caption\">Gemeinschaftsgarten zur Mitbenutzung.<\/figcaption><\/figure><\/div><div class=\"wp-block-getwid-images-slider__item getwid-reset-height-tablet getwid-reset-height-mobile\" style=\"height:650px\"><figure><img loading=\"lazy\" decoding=\"async\" width=\"1024\" height=\"531\" src=\"https:\/\/marusa.ch\/wp-content\/uploads\/2021\/04\/hero2-1024x531.jpg\" data-id=\"1001\" data-link=\"https:\/\/marusa.ch\/index.php\/preise-konditionen\/hero2\/\" data-original-link=\"https:\/\/marusa.ch\/wp-content\/uploads\/2021\/04\/hero2.jpg\" class=\"wp-block-getwid-images-slider__image wp-image-1001\" srcset=\"https:\/\/marusa.ch\/wp-content\/uploads\/2021\/04\/hero2-1024x531.jpg 1024w, https:\/\/marusa.ch\/wp-content\/uploads\/2021\/04\/hero2-300x156.jpg 300w, https:\/\/marusa.ch\/wp-content\/uploads\/2021\/04\/hero2-768x398.jpg 768w, https:\/\/marusa.ch\/wp-content\/uploads\/2021\/04\/hero2-1536x797.jpg 1536w, https:\/\/marusa.ch\/wp-content\/uploads\/2021\/04\/hero2-2048x1062.jpg 2048w, https:\/\/marusa.ch\/wp-content\/uploads\/2021\/04\/hero2-892x463.jpg 892w\" sizes=\"auto, (max-width: 1024px) 100vw, 1024px\" \/><figcaption class=\"wp-block-getwid-images-slider__caption\">Loipe mit Bergkette.<\/figcaption><\/figure><\/div><\/div><\/div>\n\n\n\n<p><\/p>\n","protected":false},"excerpt":{"rendered":"<p>Die grossz\u00fcgige Dachwohnung im Chalet Marusa in Kandersteg ist eine gem\u00fctliche Unterkunft f\u00fcr Gruppen, Familien oder Individualg\u00e4ste. Die einfache Innenausstattung bietet viel Platz und Komfort. Und die Sicht auf die Berner Oberl\u00e4nder Bergkette von Bl\u00fcemlisalphorn bis Bunderspitz ist einzigartig.<\/p>\n","protected":false},"author":1,"featured_media":1000,"parent":0,"menu_order":0,"comment_status":"closed","ping_status":"closed","template":"template-front-page.php","meta":{"inline_featured_image":false,"footnotes":""},"class_list":["post-713","page","type-page","status-publish","has-post-thumbnail","hentry"],"_links":{"self":[{"href":"https:\/\/marusa.ch\/index.php\/wp-json\/wp\/v2\/pages\/713","targetHints":{"allow":["GET"]}}],"collection":[{"href":"https:\/\/marusa.ch\/index.php\/wp-json\/wp\/v2\/pages"}],"about":[{"href":"https:\/\/marusa.ch\/index.php\/wp-json\/wp\/v2\/types\/page"}],"author":[{"embeddable":true,"href":"https:\/\/marusa.ch\/index.php\/wp-json\/wp\/v2\/users\/1"}],"replies":[{"embeddable":true,"href":"https:\/\/marusa.ch\/index.php\/wp-json\/wp\/v2\/comments?post=713"}],"version-history":[{"count":48,"href":"https:\/\/marusa.ch\/index.php\/wp-json\/wp\/v2\/pages\/713\/revisions"}],"predecessor-version":[{"id":1030,"href":"https:\/\/marusa.ch\/index.php\/wp-json\/wp\/v2\/pages\/713\/revisions\/1030"}],"wp:featuredmedia":[{"embeddable":true,"href":"https:\/\/marusa.ch\/index.php\/wp-json\/wp\/v2\/media\/1000"}],"wp:attachment":[{"href":"https:\/\/marusa.ch\/index.php\/wp-json\/wp\/v2\/media?parent=713"}],"curies":[{"name":"wp","href":"https:\/\/api.w.org\/{rel}","templated":true}]}}